{"id":417,"date":"2023-05-24T09:02:43","date_gmt":"2023-05-24T09:02:43","guid":{"rendered":"https:\/\/gruppotayano.es\/home-2\/"},"modified":"2026-01-07T07:14:03","modified_gmt":"2026-01-07T07:14:03","slug":"home-2","status":"publish","type":"page","link":"https:\/\/gruppotayano.es\/ca\/","title":{"rendered":"Gruppo Tayano"},"content":{"rendered":"<div class=\"wpb-content-wrapper\">[vc_row][vc_column offset=&#8221;vc_hidden-lg vc_hidden-md&#8221;][vc_empty_space height=&#8221;150px&#8221;][\/vc_column][\/vc_row][vc_row full_width=&#8221;stretch_row_content&#8221;][vc_column]\n\t\t\t\t<p class=\"rs-p-wp-fix\"><\/p>\n\t\t\t\t<sr7-module data-alias=\"slider-1\" data-id=\"1\" id=\"SR7_1_1\" class=\"rs-ov-hidden\" data-version=\"6.7.37\">\n\t\t\t\t\t<sr7-adjuster><\/sr7-adjuster>\n\t\t\t\t\t<sr7-content>\n\t\t\t\t\t\t<sr7-slide id=\"SR7_1_1-16\" data-key=\"16\">\n\t\t\t\t\t\t\t<sr7-bg id=\"SR7_1_1-16-1\" class=\"sr7-layer\"><noscript><img src=\"https:\/\/gruppotayano.es\/wp-content\/uploads\/2025\/07\/bannernou4-1.jpg\" alt=\"\" title=\"bannernou4\"><\/noscript><\/sr7-bg>\n\t\t\t\t\t\t<\/sr7-slide>\n\t\t\t\t\t\t<sr7-slide id=\"SR7_1_1-26\" data-key=\"26\">\n\t\t\t\t\t\t\t<sr7-bg id=\"SR7_1_1-26-1\" class=\"sr7-layer\"><noscript><img src=\"https:\/\/gruppotayano.es\/wp-content\/uploads\/2025\/10\/bannerGTayano-1.jpg\" alt=\"\" title=\"bannerGTayano\"><\/noscript><\/sr7-bg>\n\t\t\t\t\t\t<\/sr7-slide>\n\t\t\t\t\t\t<sr7-slide id=\"SR7_1_1-2\" data-key=\"2\">\n\t\t\t\t\t\t<\/sr7-slide>\n\t\t\t\t\t<\/sr7-content>\n\t\t\t\t\t<image_lists style=\"display:none\">\n\t\t\t\t\t\t<img data-src=\"\/\/gruppotayano.es\/wp-content\/uploads\/2025\/07\/bannernou3-1.jpg\" data-libid=\"440\" data-lib=\"medialibrary\" title=\"bannernou3\" width=\"0\" height=\"0\" data-dbsrc=\"Ly9ncnVwcG90YXlhbm8uZXMvd3AtY29udGVudC91cGxvYWRzLzIwMjUvMDcvYmFubmVybm91My0xLmpwZw==\"\/>\n\t\t\t\t\t\t<img data-src=\"\/\/gruppotayano.es\/wp-content\/uploads\/2025\/07\/bannernou-2.jpg\" data-libid=\"433\" data-lib=\"medialibrary\" title=\"bannernou\" width=\"0\" height=\"0\" data-dbsrc=\"Ly9ncnVwcG90YXlhbm8uZXMvd3AtY29udGVudC91cGxvYWRzLzIwMjUvMDcvYmFubmVybm91LTIuanBn\"\/>\n\t\t\t\t\t\t<img data-src=\"\/\/gruppotayano.es\/wp-content\/uploads\/2025\/07\/bannernou4-1.jpg\" data-libid=\"454\" data-lib=\"medialibrary\" title=\"bannernou4\" width=\"0\" height=\"0\" data-dbsrc=\"Ly9ncnVwcG90YXlhbm8uZXMvd3AtY29udGVudC91cGxvYWRzLzIwMjUvMDcvYmFubmVybm91NC0xLmpwZw==\"\/>\n\t\t\t\t\t\t<img data-src=\"\/\/gruppotayano.es\/wp-content\/uploads\/2025\/10\/bannerGTayano-1.jpg\" data-libid=\"1005\" data-lib=\"medialibrary\" title=\"bannerGTayano\" width=\"0\" height=\"0\" data-dbsrc=\"Ly9ncnVwcG90YXlhbm8uZXMvd3AtY29udGVudC91cGxvYWRzLzIwMjUvMTAvYmFubmVyR1RheWFuby0xLmpwZw==\"\/>\n\t\t\t\t\t<\/image_lists>\n\t\t\t\t<\/sr7-module>\n\t\t\t\t<script>\n\t\t\t\t\tSR7.PMH ??={}; SR7.PMH[\"SR7_1_1\"] = {cn:100,state:false,fn: function() { if (_tpt!==undefined && _tpt.prepareModuleHeight !== undefined) {  _tpt.prepareModuleHeight({id:\"SR7_1_1\",el:[900,900,900,900,580],type:'standard',shdw:'0',gh:[900,900,900,900,580],gw:[2000,2000,2000,2000,480],vpt:['-100px&#039;,&#039;-100px&#039;,&#039;-100px&#039;,&#039;-100px&#039;,&#039;-100px'],size:{fullWidth:false, fullHeight:false},mh:'0',onh:0,onw:0,bg:{color:'{\"orig\":\"transparent\",\"type\":\"solid\",\"string\":\"transparent\"}'}});   SR7.PMH[\"SR7_1_1\"].state=true;} else if(SR7.PMH[\"SR7_1_1\"].cn-->0)\tsetTimeout( SR7.PMH[\"SR7_1_1\"].fn,19);}};SR7.PMH[\"SR7_1_1\" ].fn();\n\t\t\t\t<\/script>\n[\/vc_column][\/vc_row][vc_row css=&#8221;.vc_custom_1750056807152{padding-top: 3% !important;}&#8221;][vc_column][vc_row_inner][vc_column_inner width=&#8221;1\/12&#8243;][\/vc_column_inner][vc_column_inner width=&#8221;10\/12&#8243; css=&#8221;.vc_custom_1750056759458{padding-right: 5% !important;padding-left: 5% !important;}&#8221;]<style>.vcex-heading.vcex_69d4c3647198c{color:#ffffff;}<\/style><h1 class=\"vcex-heading vcex-heading-plain vcex-module wpex-heading wpex-text-2xl wpex-text-center vc_custom_1752913714143 vcex_69d4c3647198c\"><span class=\"vcex-heading-inner wpex-inline-block\">GruppoTayano<\/span><\/h1>[vc_empty_space height=&#8221;30px&#8221;][vc_column_text css=&#8221;.vc_custom_1752695106428{margin-top: -20px !important;}&#8221; text_align=&#8221;center&#8221; color=&#8221;#000000&#8243; font_size=&#8221;50&#8243; font_family=&#8221;Poppins&#8221; line_height=&#8221;54px&#8221; font_weight=&#8221;800&#8243; letter_spacing=&#8221;-1px&#8221;]Cocina italiana con alma de club[\/vc_column_text][vc_empty_space height=&#8221;10px&#8221;][vc_column_text css=&#8221;&#8221; text_align=&#8221;center&#8221; color=&#8221;#010101&#8243; font_size=&#8221;20&#8243; font_family=&#8221;Poppins&#8221; line_height=&#8221;24px&#8221; font_weight=&#8221;700&#8243;]M\u00e1s de 20 a\u00f1os creando espacios donde comer es compartir[\/vc_column_text][vc_empty_space height=&#8221;30px&#8221;][vc_separator color=&#8221;custom&#8221; border_width=&#8221;2&#8243; el_width=&#8221;30&#8243; css=&#8221;&#8221; accent_color=&#8221;#312D2C&#8221;][vc_empty_space height=&#8221;20px&#8221;][vc_column_text css=&#8221;.vc_custom_1752837221910{padding-right: 15% !important;padding-left: 15% !important;}&#8221; text_align=&#8221;center&#8221; color=&#8221;#242424&#8243; font_size=&#8221;18&#8243; font_family=&#8221;Montserrat&#8221; line_height=&#8221;normal&#8221; font_weight=&#8221;500&#8243; letter_spacing=&#8221;-1px&#8221;]En Gruppo Tayano somos una empresa especializada en la gesti\u00f3n integral de espacios de restauraci\u00f3n, con m\u00e1s de dos d\u00e9cadas de experiencia y una apuesta decidida por los entornos deportivos de alta gama.<\/p>\n<p>Nuestra misi\u00f3n es ofrecer una experiencia gastron\u00f3mica completa, cuidando cada detalle, desde la cocina hasta el ambiente, para que comer en nuestros espacios sea siempre un placer compartido.[\/vc_column_text][vc_empty_space height=&#8221;30px&#8221;][vc_column_text css=&#8221;.vc_custom_1752690107877{margin-bottom: -50px !important;}&#8221; text_align=&#8221;center&#8221; color=&#8221;#010101&#8243; font_size=&#8221;20&#8243; font_family=&#8221;Poppins&#8221; line_height=&#8221;24px&#8221; font_weight=&#8221;600&#8243; letter_spacing=&#8221;-1px&#8221;]Nuestros restaurantes<\/p>\n<p><img decoding=\"async\" class=\"alignnone wp-image-475 aligncenter\" src=\"https:\/\/gruppotayano.es\/wp-content\/uploads\/2025\/07\/arrow.png\" alt=\"\" width=\"20\" height=\"14\" \/>[\/vc_column_text][\/vc_column_inner][vc_column_inner width=&#8221;1\/12&#8243;][\/vc_column_inner][\/vc_row_inner][\/vc_column][\/vc_row][vc_row full_width=&#8221;stretch_row_content&#8221;][vc_column]\n\t\t\t\t<p class=\"rs-p-wp-fix\"><\/p>\n\t\t\t\t<sr7-module data-alias=\"slider-3\" data-id=\"8\" id=\"SR7_8_2\" class=\"rs-ov-hidden\" data-version=\"6.7.37\">\n\t\t\t\t\t<sr7-adjuster><\/sr7-adjuster>\n\t\t\t\t\t<sr7-content>\n\t\t\t\t\t\t<sr7-slide id=\"SR7_8_2-19\" data-key=\"19\">\n\t\t\t\t\t\t\t<sr7-bg id=\"SR7_8_2-19-5\" class=\"sr7-layer\"><noscript><img src=\"https:\/\/gruppotayano.es\/wp-content\/uploads\/2025\/07\/horizonpark-5.jpg\" alt=\"\" title=\"horizonpark\"><\/noscript><\/sr7-bg>\n\t\t\t\t\t\t\t<sr7-txt id=\"SR7_8_2-19-3\" class=\"sr7-layer\">Carretera De L\u2019 Arrabassada, 107-127, 08035 Barcelona<\/sr7-txt>\n\t\t\t\t\t\t\t<a id=\"SR7_8_2-19-4\" class=\"sr7-layer\" href=\"https:\/\/horizonpark.es\/\" target=\"_blank\" rel=\"noopener\">Reserva tu mesa<\/a>\n\t\t\t\t\t\t<\/sr7-slide>\n\t\t\t\t\t\t<sr7-slide id=\"SR7_8_2-21\" data-key=\"21\">\n\t\t\t\t\t\t\t<sr7-bg id=\"SR7_8_2-21-5\" class=\"sr7-layer\"><noscript><img src=\"https:\/\/gruppotayano.es\/wp-content\/uploads\/2025\/07\/vilamasram-1.jpg\" alt=\"\" title=\"vilamasram\"><\/noscript><\/sr7-bg>\n\t\t\t\t\t\t\t<sr7-txt id=\"SR7_8_2-21-3\" class=\"sr7-layer\">Pla\u00e7a Eucaliptus, 3. 08916 Badalona, (Barcelona)<\/sr7-txt>\n\t\t\t\t\t\t\t<a id=\"SR7_8_2-21-4\" class=\"sr7-layer\" href=\"https:\/\/vilamasram.com\/\" target=\"_blank\" rel=\"noopener\">Reserva tu mesa<\/a>\n\t\t\t\t\t\t<\/sr7-slide>\n\t\t\t\t\t\t<sr7-slide id=\"SR7_8_2-20\" data-key=\"20\">\n\t\t\t\t\t\t\t<sr7-bg id=\"SR7_8_2-20-5\" class=\"sr7-layer\"><noscript><img src=\"https:\/\/gruppotayano.es\/wp-content\/uploads\/2025\/07\/vilateixido-1.jpg\" alt=\"\" title=\"vilateixido\"><\/noscript><\/sr7-bg>\n\t\t\t\t\t\t\t<sr7-txt id=\"SR7_8_2-20-3\" class=\"sr7-layer\">Carrer Ponent, 8. 08328 Alella (Barcelona)<\/sr7-txt>\n\t\t\t\t\t\t\t<a id=\"SR7_8_2-20-4\" class=\"sr7-layer\" href=\"https:\/\/vilateixido.com\/\" target=\"_blank\" rel=\"noopener\">Reserva tu mesa<\/a>\n\t\t\t\t\t\t<\/sr7-slide>\n\t\t\t\t\t\t<sr7-slide id=\"SR7_8_2-17\" data-key=\"17\">\n\t\t\t\t\t\t\t<sr7-bg id=\"SR7_8_2-17-5\" class=\"sr7-layer\"><noscript><img src=\"https:\/\/gruppotayano.es\/wp-content\/uploads\/2025\/07\/vilataiano.jpg\" alt=\"\" title=\"vilataiano\"><\/noscript><\/sr7-bg>\n\t\t\t\t\t\t\t<sr7-txt id=\"SR7_8_2-17-3\" class=\"sr7-layer\">Ram\u00f3n Llull, 12. 08329 Tei\u00e0 (Barcelona)<\/sr7-txt>\n\t\t\t\t\t\t\t<a id=\"SR7_8_2-17-4\" class=\"sr7-layer\" href=\"https:\/\/villataliano.com\/\" target=\"_blank\" rel=\"noopener\">Reserva tu mesa<\/a>\n\t\t\t\t\t\t<\/sr7-slide>\n\t\t\t\t\t\t<sr7-slide id=\"SR7_8_2-18\" data-key=\"18\">\n\t\t\t\t\t\t<\/sr7-slide>\n\t\t\t\t\t<\/sr7-content>\n\t\t\t\t\t<image_lists style=\"display:none\">\n\t\t\t\t\t\t<img data-src=\"\/\/gruppotayano.es\/wp-content\/uploads\/2025\/09\/Logo_completoVT_BLACK-scaled.png\" data-libid=\"986\" data-lib=\"medialibrary\" title=\"Logo_completoVT_BLACK\" width=\"0\" height=\"0\" data-dbsrc=\"Ly9ncnVwcG90YXlhbm8uZXMvd3AtY29udGVudC91cGxvYWRzLzIwMjUvMDkvTG9nb19jb21wbGV0b1ZUX0JMQUNLLXNjYWxlZC5wbmc=\"\/>\n\t\t\t\t\t\t<img data-src=\"\/\/gruppotayano.es\/wp-content\/uploads\/2025\/07\/vilataiano.jpg\" data-libid=\"952\" data-lib=\"medialibrary\" title=\"vilataiano\" width=\"0\" height=\"0\" data-dbsrc=\"Ly9ncnVwcG90YXlhbm8uZXMvd3AtY29udGVudC91cGxvYWRzLzIwMjUvMDcvdmlsYXRhaWFuby5qcGc=\"\/>\n\t\t\t\t\t\t<img data-src=\"\/\/gruppotayano.es\/wp-content\/uploads\/2025\/09\/Logo_completoHP_BLACK-scaled.png\" data-libid=\"983\" data-lib=\"medialibrary\" title=\"Logo_completoHP_BLACK\" width=\"0\" height=\"0\" data-dbsrc=\"Ly9ncnVwcG90YXlhbm8uZXMvd3AtY29udGVudC91cGxvYWRzLzIwMjUvMDkvTG9nb19jb21wbGV0b0hQX0JMQUNLLXNjYWxlZC5wbmc=\"\/>\n\t\t\t\t\t\t<img data-src=\"\/\/gruppotayano.es\/wp-content\/uploads\/2025\/07\/horizonpark-5.jpg\" data-libid=\"950\" data-lib=\"medialibrary\" title=\"horizonpark\" width=\"0\" height=\"0\" data-dbsrc=\"Ly9ncnVwcG90YXlhbm8uZXMvd3AtY29udGVudC91cGxvYWRzLzIwMjUvMDcvaG9yaXpvbnBhcmstNS5qcGc=\"\/>\n\t\t\t\t\t\t<img data-src=\"\/\/gruppotayano.es\/wp-content\/uploads\/2025\/09\/Logo_completoVT_BK-scaled.png\" data-libid=\"988\" data-lib=\"medialibrary\" title=\"Logo_completoVT_BK\" width=\"0\" height=\"0\" data-dbsrc=\"Ly9ncnVwcG90YXlhbm8uZXMvd3AtY29udGVudC91cGxvYWRzLzIwMjUvMDkvTG9nb19jb21wbGV0b1ZUX0JLLXNjYWxlZC5wbmc=\"\/>\n\t\t\t\t\t\t<img data-src=\"\/\/gruppotayano.es\/wp-content\/uploads\/2025\/07\/vilateixido-1.jpg\" data-libid=\"954\" data-lib=\"medialibrary\" title=\"vilateixido\" width=\"0\" height=\"0\" data-dbsrc=\"Ly9ncnVwcG90YXlhbm8uZXMvd3AtY29udGVudC91cGxvYWRzLzIwMjUvMDcvdmlsYXRlaXhpZG8tMS5qcGc=\"\/>\n\t\t\t\t\t\t<img data-src=\"\/\/gruppotayano.es\/wp-content\/uploads\/2025\/09\/Logo_completoVMR_BLACK-scaled.png\" data-libid=\"990\" data-lib=\"medialibrary\" title=\"Logo_completoVMR_BLACK\" width=\"0\" height=\"0\" data-dbsrc=\"Ly9ncnVwcG90YXlhbm8uZXMvd3AtY29udGVudC91cGxvYWRzLzIwMjUvMDkvTG9nb19jb21wbGV0b1ZNUl9CTEFDSy1zY2FsZWQucG5n\"\/>\n\t\t\t\t\t\t<img data-src=\"\/\/gruppotayano.es\/wp-content\/uploads\/2025\/07\/vilamasram-1.jpg\" data-libid=\"956\" data-lib=\"medialibrary\" title=\"vilamasram\" width=\"0\" height=\"0\" data-dbsrc=\"Ly9ncnVwcG90YXlhbm8uZXMvd3AtY29udGVudC91cGxvYWRzLzIwMjUvMDcvdmlsYW1hc3JhbS0xLmpwZw==\"\/>\n\t\t\t\t\t<\/image_lists>\n\t\t\t\t<\/sr7-module>\n\t\t\t\t<script>\n\t\t\t\t\tSR7.PMH ??={}; SR7.PMH[\"SR7_8_2\"] = {cn:100,state:false,fn: function() { if (_tpt!==undefined && _tpt.prepareModuleHeight !== undefined) {  _tpt.prepareModuleHeight({id:\"SR7_8_2\",el:[600,600,600,600,480],type:'standard',shdw:'0',gh:[600,600,600,600,480],gw:[2000,2000,2000,2000,480],vpt:['-100px&#039;,&#039;-100px&#039;,&#039;-100px&#039;,&#039;-100px&#039;,&#039;-100px'],size:{fullWidth:false, fullHeight:false},mh:'0',onh:0,onw:0,bg:{color:'{\"orig\":\"transparent\",\"type\":\"solid\",\"string\":\"transparent\"}'}});   SR7.PMH[\"SR7_8_2\"].state=true;} else if(SR7.PMH[\"SR7_8_2\"].cn-->0)\tsetTimeout( SR7.PMH[\"SR7_8_2\"].fn,19);}};SR7.PMH[\"SR7_8_2\" ].fn();\n\t\t\t\t<\/script>\n[\/vc_column][\/vc_row][vc_row full_width=&#8221;stretch_row_content_no_spaces&#8221; css=&#8221;.vc_custom_1752701214850{border-bottom-width: 1px !important;padding-top: 5% !important;background-color: #000000 !important;}&#8221;][vc_column width=&#8221;1\/6&#8243;][\/vc_column][vc_column width=&#8221;2\/3&#8243;][vc_empty_space height=&#8221;60px&#8221;][vc_column_text css=&#8221;.vc_custom_1756591922245{margin-top: -20px !important;padding-right: 5% !important;padding-left: 5% !important;}&#8221; text_align=&#8221;center&#8221; color=&#8221;#fefefe&#8221; font_size=&#8221;30&#8243; font_family=&#8221;Poppins&#8221; line_height=&#8221;34px&#8221; font_weight=&#8221;600&#8243; letter_spacing=&#8221;-1px&#8221;]Un modelo 360\u00ba al servicio del club y de sus clientes[\/vc_column_text][vc_empty_space height=&#8221;10px&#8221;][vc_column_text css=&#8221;.vc_custom_1752736239712{padding-right: 20% !important;padding-left: 20% !important;}&#8221; text_align=&#8221;center&#8221; color=&#8221;#fefefe&#8221; font_size=&#8221;20&#8243; font_family=&#8221;Poppins&#8221; line_height=&#8221;24px&#8221; font_weight=&#8221;500&#8243;]Presentes en los mejores clubes deportivos del Maresme y Barcelona[\/vc_column_text][vc_empty_space height=&#8221;50px&#8221;][vc_single_image image=&#8221;964&#8243; style=&#8221;vc_box_rounded&#8221; css=&#8221;.vc_custom_1756591982938{padding-right: 20% !important;padding-left: 20% !important;}&#8221;][vc_empty_space height=&#8221;10px&#8221;][vc_column_text css=&#8221;.vc_custom_1752736344877{padding-right: 20% !important;padding-left: 20% !important;}&#8221; text_align=&#8221;center&#8221; color=&#8221;#fefefe&#8221; font_family=&#8221;Montserrat&#8221; line_height=&#8221;normal&#8221; font_weight=&#8221;500&#8243; letter_spacing=&#8221;-1px&#8221;]Vila Teixid\u00f3 \u00b7 Alella (Barcelona)[\/vc_column_text][vc_row_inner][vc_column_inner width=&#8221;1\/4&#8243;][\/vc_column_inner][vc_column_inner width=&#8221;1\/2&#8243;][vc_empty_space height=&#8221;50px&#8221;][vc_column_text css=&#8221;.vc_custom_1756591949698{padding-right: 5% !important;padding-left: 5% !important;}&#8221; text_align=&#8221;center&#8221; color=&#8221;#fefefe&#8221; font_size=&#8221;18&#8243; font_family=&#8221;Montserrat&#8221; line_height=&#8221;normal&#8221; font_weight=&#8221;500&#8243; letter_spacing=&#8221;-1px&#8221;]Ofrecemos un servicio integral adaptado a las necesidades de cada centro deportivo, con una propuesta pensada para enriquecer la vida social del club.<\/p>\n<p>Creemos en una cocina honesta, hecha con productos de calidad y vocaci\u00f3n de servicio. Nos inspira la tradici\u00f3n, pero no dejamos de innovar. Nuestro equipo vive la restauraci\u00f3n con pasi\u00f3n, creando ambientes acogedores donde cada comida es una experiencia.[\/vc_column_text][vc_empty_space height=&#8221;40px&#8221;]<style>.vcex-button.vcex_69d4c3647896f{border-radius:var(--wpex-rounded-sm);background:#ffffff;color:#000000!important;font-family:Poppins, sans-serif;}.vcex-button.vcex_69d4c3647896f:hover{background:#f70000!important;color:#fefefe!important;}<\/style><div class=\"theme-button-wrap textcenter wpex-clr\"><a href=\"https:\/\/gruppotayano.es\/sobre-nosotros\/\" class=\"vcex-button theme-button large align-center inline vcex_69d4c3647896f\"><span class=\"vcex-button-inner theme-button-inner wpex-flex wpex-flex-wrap wpex-items-center wpex-justify-center\">Conoce GruppoTayano<\/span><\/a><\/div> [\/vc_column_inner][vc_column_inner width=&#8221;1\/4&#8243;][\/vc_column_inner][\/vc_row_inner][\/vc_column][vc_column width=&#8221;1\/6&#8243;][\/vc_column][\/vc_row]\n<\/div>","protected":false},"excerpt":{"rendered":"<p>[vc_row][vc_column offset=&#8221;vc_hidden-lg vc_hidden-md&#8221;][vc_empty_space height=&#8221;150px&#8221;][\/vc_column][\/vc_row][vc_row full_width=&#8221;stretch_row_content&#8221;][vc_column][\/vc_column][\/vc_row][vc_row css=&#8221;.vc_custom_1750056807152{padding-top: 3% !important;}&#8221;][vc_column][vc_row_inner][vc_column_inner width=&#8221;1\/12&#8243;][\/vc_column_inner][vc_column_inner width=&#8221;10\/12&#8243; css=&#8221;.vc_custom_1750056759458{padding-right: 5% !important;padding-left: 5% !important;}&#8221;][vc_empty_space height=&#8221;30px&#8221;][vc_column_text css=&#8221;.vc_custom_1752695106428{margin-top: -20px !important;}&#8221; text_align=&#8221;center&#8221; color=&#8221;#000000&#8243; font_size=&#8221;50&#8243; font_family=&#8221;Poppins&#8221; line_height=&#8221;54px&#8221; font_weight=&#8221;800&#8243; letter_spacing=&#8221;-1px&#8221;]Cocina italiana con alma de club[\/vc_column_text][vc_empty_space height=&#8221;10px&#8221;][vc_column_text css=&#8221;&#8221; text_align=&#8221;center&#8221; color=&#8221;#010101&#8243; font_size=&#8221;20&#8243; font_family=&#8221;Poppins&#8221; line_height=&#8221;24px&#8221; font_weight=&#8221;700&#8243;]M\u00e1s de 20 a\u00f1os creando espacios donde comer es compartir[\/vc_column_text][vc_empty_space height=&#8221;30px&#8221;][vc_separator color=&#8221;custom&#8221; border_width=&#8221;2&#8243; el_width=&#8221;30&#8243; css=&#8221;&#8221; accent_color=&#8221;#312D2C&#8221;][vc_empty_space height=&#8221;20px&#8221;][vc_column_text&hellip;<\/p>\n","protected":false},"author":1,"featured_media":935,"parent":0,"menu_order":0,"comment_status":"closed","ping_status":"closed","template":"","meta":{"footnotes":""},"class_list":["post-417","page","type-page","status-publish","has-post-thumbnail","hentry","entry","has-media"],"yoast_head":"<!-- This site is optimized with the Yoast SEO plugin v25.8 - https:\/\/yoast.com\/wordpress\/plugins\/seo\/ -->\n<title>Bienvenidos a Gruppo Tayano - Gruppo Tayano\u00ae<\/title>\n<meta name=\"description\" content=\"Somos una empresa especializada en la gesti\u00f3n integral de espacios de restauraci\u00f3n, con m\u00e1s de dos d\u00e9cadas de experiencia. Gruppo Tayano\" \/>\n<meta name=\"robots\" content=\"index, follow, max-snippet:-1, max-image-preview:large, max-video-preview:-1\" \/>\n<link rel=\"canonical\" href=\"https:\/\/gruppotayano.es\/ca\/home-2\/\" \/>\n<meta property=\"og:locale\" content=\"ca_ES\" \/>\n<meta property=\"og:type\" content=\"article\" \/>\n<meta property=\"og:title\" content=\"Bienvenidos a Gruppo Tayano - Gruppo Tayano\u00ae\" \/>\n<meta property=\"og:description\" content=\"Somos una empresa especializada en la gesti\u00f3n integral de espacios de restauraci\u00f3n, con m\u00e1s de dos d\u00e9cadas de experiencia. Gruppo Tayano\" \/>\n<meta property=\"og:url\" content=\"https:\/\/gruppotayano.es\/ca\/home-2\/\" \/>\n<meta property=\"og:site_name\" content=\"Gruppo Tayano\u00ae\" \/>\n<meta property=\"article:modified_time\" content=\"2026-01-07T07:14:03+00:00\" \/>\n<meta property=\"og:image\" content=\"https:\/\/gruppotayano.es\/wp-content\/uploads\/2025\/07\/T2-nou.jpg\" \/>\n\t<meta property=\"og:image:width\" content=\"726\" \/>\n\t<meta property=\"og:image:height\" content=\"704\" \/>\n\t<meta property=\"og:image:type\" content=\"image\/jpeg\" \/>\n<meta name=\"twitter:card\" content=\"summary_large_image\" \/>\n<meta name=\"twitter:label1\" content=\"Temps estimat de lectura\" \/>\n\t<meta name=\"twitter:data1\" content=\"3 minuts\" \/>\n<script type=\"application\/ld+json\" class=\"yoast-schema-graph\">{\"@context\":\"https:\/\/schema.org\",\"@graph\":[{\"@type\":\"WebPage\",\"@id\":\"https:\/\/gruppotayano.es\/ca\/home-2\/\",\"url\":\"https:\/\/gruppotayano.es\/ca\/home-2\/\",\"name\":\"Bienvenidos a Gruppo Tayano - Gruppo Tayano\u00ae\",\"isPartOf\":{\"@id\":\"https:\/\/gruppotayano.es\/#website\"},\"primaryImageOfPage\":{\"@id\":\"https:\/\/gruppotayano.es\/ca\/home-2\/#primaryimage\"},\"image\":{\"@id\":\"https:\/\/gruppotayano.es\/ca\/home-2\/#primaryimage\"},\"thumbnailUrl\":\"https:\/\/gruppotayano.es\/wp-content\/uploads\/2025\/07\/T2-nou.jpg\",\"datePublished\":\"2023-05-24T09:02:43+00:00\",\"dateModified\":\"2026-01-07T07:14:03+00:00\",\"description\":\"Somos una empresa especializada en la gesti\u00f3n integral de espacios de restauraci\u00f3n, con m\u00e1s de dos d\u00e9cadas de experiencia. Gruppo Tayano\",\"breadcrumb\":{\"@id\":\"https:\/\/gruppotayano.es\/ca\/home-2\/#breadcrumb\"},\"inLanguage\":\"ca\",\"potentialAction\":[{\"@type\":\"ReadAction\",\"target\":[\"https:\/\/gruppotayano.es\/ca\/home-2\/\"]}]},{\"@type\":\"ImageObject\",\"inLanguage\":\"ca\",\"@id\":\"https:\/\/gruppotayano.es\/ca\/home-2\/#primaryimage\",\"url\":\"https:\/\/gruppotayano.es\/wp-content\/uploads\/2025\/07\/T2-nou.jpg\",\"contentUrl\":\"https:\/\/gruppotayano.es\/wp-content\/uploads\/2025\/07\/T2-nou.jpg\",\"width\":726,\"height\":704},{\"@type\":\"BreadcrumbList\",\"@id\":\"https:\/\/gruppotayano.es\/ca\/home-2\/#breadcrumb\",\"itemListElement\":[{\"@type\":\"ListItem\",\"position\":1,\"name\":\"Home\",\"item\":\"https:\/\/gruppotayano.es\/ca\/home-2\/\"},{\"@type\":\"ListItem\",\"position\":2,\"name\":\"Gruppo Tayano\"}]},{\"@type\":\"WebSite\",\"@id\":\"https:\/\/gruppotayano.es\/#website\",\"url\":\"https:\/\/gruppotayano.es\/\",\"name\":\"Gruppo Tayano\u00ae\",\"description\":\"Cetrex new project\",\"publisher\":{\"@id\":\"https:\/\/gruppotayano.es\/#organization\"},\"potentialAction\":[{\"@type\":\"SearchAction\",\"target\":{\"@type\":\"EntryPoint\",\"urlTemplate\":\"https:\/\/gruppotayano.es\/?s={search_term_string}\"},\"query-input\":{\"@type\":\"PropertyValueSpecification\",\"valueRequired\":true,\"valueName\":\"search_term_string\"}}],\"inLanguage\":\"ca\"},{\"@type\":\"Organization\",\"@id\":\"https:\/\/gruppotayano.es\/#organization\",\"name\":\"Gruppo Tayano\u00ae\",\"url\":\"https:\/\/gruppotayano.es\/\",\"logo\":{\"@type\":\"ImageObject\",\"inLanguage\":\"ca\",\"@id\":\"https:\/\/gruppotayano.es\/#\/schema\/logo\/image\/\",\"url\":\"https:\/\/gruppotayano.es\/wp-content\/uploads\/2025\/11\/ImagotipoBK-1-scaled.png\",\"contentUrl\":\"https:\/\/gruppotayano.es\/wp-content\/uploads\/2025\/11\/ImagotipoBK-1-scaled.png\",\"width\":2560,\"height\":2067,\"caption\":\"Gruppo Tayano\u00ae\"},\"image\":{\"@id\":\"https:\/\/gruppotayano.es\/#\/schema\/logo\/image\/\"}}]}<\/script>\n<!-- \/ Yoast SEO plugin. -->","yoast_head_json":{"title":"Bienvenidos a Gruppo Tayano - Gruppo Tayano\u00ae","description":"Somos una empresa especializada en la gesti\u00f3n integral de espacios de restauraci\u00f3n, con m\u00e1s de dos d\u00e9cadas de experiencia. Gruppo Tayano","robots":{"index":"index","follow":"follow","max-snippet":"max-snippet:-1","max-image-preview":"max-image-preview:large","max-video-preview":"max-video-preview:-1"},"canonical":"https:\/\/gruppotayano.es\/ca\/home-2\/","og_locale":"ca_ES","og_type":"article","og_title":"Bienvenidos a Gruppo Tayano - Gruppo Tayano\u00ae","og_description":"Somos una empresa especializada en la gesti\u00f3n integral de espacios de restauraci\u00f3n, con m\u00e1s de dos d\u00e9cadas de experiencia. Gruppo Tayano","og_url":"https:\/\/gruppotayano.es\/ca\/home-2\/","og_site_name":"Gruppo Tayano\u00ae","article_modified_time":"2026-01-07T07:14:03+00:00","og_image":[{"width":726,"height":704,"url":"https:\/\/gruppotayano.es\/wp-content\/uploads\/2025\/07\/T2-nou.jpg","type":"image\/jpeg"}],"twitter_card":"summary_large_image","twitter_misc":{"Temps estimat de lectura":"3 minuts"},"schema":{"@context":"https:\/\/schema.org","@graph":[{"@type":"WebPage","@id":"https:\/\/gruppotayano.es\/ca\/home-2\/","url":"https:\/\/gruppotayano.es\/ca\/home-2\/","name":"Bienvenidos a Gruppo Tayano - Gruppo Tayano\u00ae","isPartOf":{"@id":"https:\/\/gruppotayano.es\/#website"},"primaryImageOfPage":{"@id":"https:\/\/gruppotayano.es\/ca\/home-2\/#primaryimage"},"image":{"@id":"https:\/\/gruppotayano.es\/ca\/home-2\/#primaryimage"},"thumbnailUrl":"https:\/\/gruppotayano.es\/wp-content\/uploads\/2025\/07\/T2-nou.jpg","datePublished":"2023-05-24T09:02:43+00:00","dateModified":"2026-01-07T07:14:03+00:00","description":"Somos una empresa especializada en la gesti\u00f3n integral de espacios de restauraci\u00f3n, con m\u00e1s de dos d\u00e9cadas de experiencia. Gruppo Tayano","breadcrumb":{"@id":"https:\/\/gruppotayano.es\/ca\/home-2\/#breadcrumb"},"inLanguage":"ca","potentialAction":[{"@type":"ReadAction","target":["https:\/\/gruppotayano.es\/ca\/home-2\/"]}]},{"@type":"ImageObject","inLanguage":"ca","@id":"https:\/\/gruppotayano.es\/ca\/home-2\/#primaryimage","url":"https:\/\/gruppotayano.es\/wp-content\/uploads\/2025\/07\/T2-nou.jpg","contentUrl":"https:\/\/gruppotayano.es\/wp-content\/uploads\/2025\/07\/T2-nou.jpg","width":726,"height":704},{"@type":"BreadcrumbList","@id":"https:\/\/gruppotayano.es\/ca\/home-2\/#breadcrumb","itemListElement":[{"@type":"ListItem","position":1,"name":"Home","item":"https:\/\/gruppotayano.es\/ca\/home-2\/"},{"@type":"ListItem","position":2,"name":"Gruppo Tayano"}]},{"@type":"WebSite","@id":"https:\/\/gruppotayano.es\/#website","url":"https:\/\/gruppotayano.es\/","name":"Gruppo Tayano\u00ae","description":"Cetrex new project","publisher":{"@id":"https:\/\/gruppotayano.es\/#organization"},"potentialAction":[{"@type":"SearchAction","target":{"@type":"EntryPoint","urlTemplate":"https:\/\/gruppotayano.es\/?s={search_term_string}"},"query-input":{"@type":"PropertyValueSpecification","valueRequired":true,"valueName":"search_term_string"}}],"inLanguage":"ca"},{"@type":"Organization","@id":"https:\/\/gruppotayano.es\/#organization","name":"Gruppo Tayano\u00ae","url":"https:\/\/gruppotayano.es\/","logo":{"@type":"ImageObject","inLanguage":"ca","@id":"https:\/\/gruppotayano.es\/#\/schema\/logo\/image\/","url":"https:\/\/gruppotayano.es\/wp-content\/uploads\/2025\/11\/ImagotipoBK-1-scaled.png","contentUrl":"https:\/\/gruppotayano.es\/wp-content\/uploads\/2025\/11\/ImagotipoBK-1-scaled.png","width":2560,"height":2067,"caption":"Gruppo Tayano\u00ae"},"image":{"@id":"https:\/\/gruppotayano.es\/#\/schema\/logo\/image\/"}}]}},"_links":{"self":[{"href":"https:\/\/gruppotayano.es\/ca\/wp-json\/wp\/v2\/pages\/417","targetHints":{"allow":["GET"]}}],"collection":[{"href":"https:\/\/gruppotayano.es\/ca\/wp-json\/wp\/v2\/pages"}],"about":[{"href":"https:\/\/gruppotayano.es\/ca\/wp-json\/wp\/v2\/types\/page"}],"author":[{"embeddable":true,"href":"https:\/\/gruppotayano.es\/ca\/wp-json\/wp\/v2\/users\/1"}],"replies":[{"embeddable":true,"href":"https:\/\/gruppotayano.es\/ca\/wp-json\/wp\/v2\/comments?post=417"}],"version-history":[{"count":68,"href":"https:\/\/gruppotayano.es\/ca\/wp-json\/wp\/v2\/pages\/417\/revisions"}],"predecessor-version":[{"id":1217,"href":"https:\/\/gruppotayano.es\/ca\/wp-json\/wp\/v2\/pages\/417\/revisions\/1217"}],"wp:featuredmedia":[{"embeddable":true,"href":"https:\/\/gruppotayano.es\/ca\/wp-json\/wp\/v2\/media\/935"}],"wp:attachment":[{"href":"https:\/\/gruppotayano.es\/ca\/wp-json\/wp\/v2\/media?parent=417"}],"curies":[{"name":"wp","href":"https:\/\/api.w.org\/{rel}","templated":true}]}}