{"id":378,"date":"2025-06-16T16:47:23","date_gmt":"2025-06-16T16:47:23","guid":{"rendered":"https:\/\/gruppotayano.es\/sobre-nosotros\/"},"modified":"2025-08-30T22:24:23","modified_gmt":"2025-08-30T22:24:23","slug":"sobre-nosotros","status":"publish","type":"page","link":"https:\/\/gruppotayano.es\/ca\/sobre-nosotros\/","title":{"rendered":"Sobre nosotros"},"content":{"rendered":"<div class=\"wpb-content-wrapper\">[vc_row][vc_column offset=&#8221;vc_hidden-lg vc_hidden-md vc_hidden-sm&#8221;][vc_empty_space height=&#8221;150px&#8221;][\/vc_column][\/vc_row][vc_row full_width=&#8221;stretch_row_content&#8221;][vc_column]\n\t\t\t\t<p class=\"rs-p-wp-fix\"><\/p>\n\t\t\t\t<sr7-module data-alias=\"home-1\" data-id=\"9\" id=\"SR7_9_1\" class=\"rs-ov-hidden\" data-version=\"6.7.37\">\n\t\t\t\t\t<sr7-adjuster><\/sr7-adjuster>\n\t\t\t\t\t<sr7-content>\n\t\t\t\t\t\t<sr7-slide id=\"SR7_9_1-24\" data-key=\"24\">\n\t\t\t\t\t\t\t<sr7-bg id=\"SR7_9_1-24-1\" class=\"sr7-layer\"><noscript><img src=\"https:\/\/gruppotayano.es\/wp-content\/uploads\/2025\/07\/sobrenosotros-1.jpg\" alt=\"\" title=\"sobrenosotros\"><\/noscript><\/sr7-bg>\n\t\t\t\t\t\t<\/sr7-slide>\n\t\t\t\t\t\t<sr7-slide id=\"SR7_9_1-25\" data-key=\"25\">\n\t\t\t\t\t\t<\/sr7-slide>\n\t\t\t\t\t<\/sr7-content>\n\t\t\t\t\t<image_lists style=\"display:none\">\n\t\t\t\t\t\t<img data-src=\"\/\/gruppotayano.es\/wp-content\/uploads\/2025\/07\/sobrenosotros-1.jpg\" data-libid=\"597\" data-lib=\"medialibrary\" title=\"sobrenosotros\" width=\"0\" height=\"0\" data-dbsrc=\"Ly9ncnVwcG90YXlhbm8uZXMvd3AtY29udGVudC91cGxvYWRzLzIwMjUvMDcvc29icmVub3NvdHJvcy0xLmpwZw==\"\/>\n\t\t\t\t\t<\/image_lists>\n\t\t\t\t<\/sr7-module>\n\t\t\t\t<script>\n\t\t\t\t\tSR7.PMH ??={}; SR7.PMH[\"SR7_9_1\"] = {cn:100,state:false,fn: function() { if (_tpt!==undefined && _tpt.prepareModuleHeight !== undefined) {  _tpt.prepareModuleHeight({id:\"SR7_9_1\",el:[900,900,900,900,580],type:'standard',shdw:'0',gh:[900,900,900,900,580],gw:[2000,2000,2000,2000,480],vpt:['-100px&#039;,&#039;-100px&#039;,&#039;-100px&#039;,&#039;-100px&#039;,&#039;-100px'],size:{fullWidth:false, fullHeight:false},mh:'0',onh:0,onw:0,bg:{color:'{\"orig\":\"transparent\",\"type\":\"solid\",\"string\":\"transparent\"}'}});   SR7.PMH[\"SR7_9_1\"].state=true;} else if(SR7.PMH[\"SR7_9_1\"].cn-->0)\tsetTimeout( SR7.PMH[\"SR7_9_1\"].fn,19);}};SR7.PMH[\"SR7_9_1\" ].fn();\n\t\t\t\t<\/script>\n[\/vc_column][\/vc_row][vc_row css=&#8221;.vc_custom_1750056807152{padding-top: 3% !important;}&#8221;][vc_column][vc_row_inner][vc_column_inner width=&#8221;1\/12&#8243;][\/vc_column_inner][vc_column_inner width=&#8221;10\/12&#8243; css=&#8221;.vc_custom_1750056759458{padding-right: 5% !important;padding-left: 5% !important;}&#8221;][vc_column_text css=&#8221;.vc_custom_1752703567995{margin-top: -20px !important;}&#8221; text_align=&#8221;center&#8221; color=&#8221;#242424&#8243; font_size=&#8221;50&#8243; font_family=&#8221;Poppins&#8221; line_height=&#8221;54px&#8221; font_weight=&#8221;800&#8243;]El arte de hacer que todo encaje[\/vc_column_text][vc_empty_space height=&#8221;10px&#8221;][vc_column_text css=&#8221;&#8221; text_align=&#8221;center&#8221; color=&#8221;#242424&#8243; font_size=&#8221;20&#8243; font_family=&#8221;Poppins&#8221; line_height=&#8221;24px&#8221; font_weight=&#8221;700&#8243;]Una manera de entender la restauraci\u00f3n desde dentro[\/vc_column_text][vc_empty_space height=&#8221;20px&#8221;][vc_separator color=&#8221;custom&#8221; border_width=&#8221;2&#8243; el_width=&#8221;30&#8243; css=&#8221;&#8221; accent_color=&#8221;#312D2C&#8221;][vc_empty_space height=&#8221;20px&#8221;][vc_column_text css=&#8221;.vc_custom_1756592657358{padding-right: 5% !important;padding-left: 5% !important;}&#8221; text_align=&#8221;center&#8221; color=&#8221;#242424&#8243; font_size=&#8221;18&#8243; font_family=&#8221;Montserrat&#8221; line_height=&#8221;normal&#8221; font_weight=&#8221;500&#8243; letter_spacing=&#8221;-1px&#8221;]\n<p data-start=\"687\" data-end=\"941\">En Gruppo Tayano llevamos m\u00e1s de 20 a\u00f1os gestionando espacios de restauraci\u00f3n con un enfoque muy claro: integrar nuestra cocina y nuestra forma de hacer en el d\u00eda a d\u00eda del club, aportando valor real a los socios,\u00a0 clientes de proximidad y a la direcci\u00f3n de cada centro.<\/p>\n<p data-start=\"943\" data-end=\"1253\">No solo servimos platos, dise\u00f1amos momentos. Creamos ambientes donde la gastronom\u00eda, la salud, el deporte y la comunidad conviven de forma natural. Nuestro origen italiano impregna cada receta, pero tambi\u00e9n nuestra manera de trabajar: con cercan\u00eda, atenci\u00f3n al detalle y respeto por la experiencia del cliente.<\/p>\n[\/vc_column_text][\/vc_column_inner][vc_column_inner width=&#8221;1\/12&#8243;][\/vc_column_inner][\/vc_row_inner][\/vc_column][\/vc_row][vc_row full_width=&#8221;stretch_row_content&#8221; content_placement=&#8221;middle&#8221; equal_height=&#8221;yes&#8221; css=&#8221;.vc_custom_1752702466286{background-color: #000000 !important;}&#8221;][vc_column width=&#8221;1\/2&#8243;][vc_single_image image=&#8221;603&#8243; css=&#8221;.vc_custom_1752702403814{padding-top: 3% !important;}&#8221;][\/vc_column][vc_column width=&#8221;1\/2&#8243;][vc_empty_space height=&#8221;50px&#8221;][vc_row_inner][vc_column_inner css=&#8221;.vc_custom_1750059536227{padding-left: 10% !important;}&#8221;][vc_column_text css=&#8221;.vc_custom_1750094570594{padding-right: 30% !important;}&#8221; text_align=&#8221;left&#8221; color=&#8221;#fffced&#8221; font_size=&#8221;36&#8243; font_family=&#8221;Poppins&#8221; line_height=&#8221;36px&#8221; font_weight=&#8221;800&#8243;]Lo que nos diferencia[\/vc_column_text][vc_empty_space height=&#8221;20px&#8221;][vc_separator color=&#8221;custom&#8221; align=&#8221;align_left&#8221; border_width=&#8221;2&#8243; el_width=&#8221;30&#8243; css=&#8221;&#8221; accent_color=&#8221;#FFFCED&#8221;][vc_empty_space height=&#8221;20px&#8221;][vc_column_text css=&#8221;.vc_custom_1750094702893{padding-right: 25% !important;}&#8221; text_align=&#8221;left&#8221; color=&#8221;#fffced&#8221; font_size=&#8221;18&#8243; font_family=&#8221;Montserrat&#8221; line_height=&#8221;normal&#8221; font_weight=&#8221;500&#8243; letter_spacing=&#8221;-1px&#8221;]\n<ul>\n<li data-start=\"1293\" data-end=\"1481\"><strong data-start=\"1293\" data-end=\"1350\">Una cocina con ra\u00edces italianas y visi\u00f3n mediterr\u00e1nea<\/strong><br data-start=\"1350\" data-end=\"1353\" \/>Pasta fresca, pizzas al horno, antipasti, platos de temporada&#8230; una carta pensada para el disfrute diario, adaptable y sabrosa.<\/li>\n<\/ul>\n[\/vc_column_text][vc_empty_space height=&#8221;20px&#8221;][vc_column_text css=&#8221;.vc_custom_1750094734698{padding-right: 25% !important;}&#8221; text_align=&#8221;left&#8221; color=&#8221;#fffced&#8221; font_size=&#8221;18&#8243; font_family=&#8221;Montserrat&#8221; line_height=&#8221;normal&#8221; font_weight=&#8221;500&#8243; letter_spacing=&#8221;-1px&#8221;]\n<ul>\n<li><strong data-start=\"1485\" data-end=\"1533\">Un modelo de gesti\u00f3n flexible y comprometido<\/strong><br data-start=\"1533\" data-end=\"1536\" \/>Nos adaptamos a cada espacio con una oferta gastron\u00f3mica ajustada al perfil del club, incluyendo men\u00fas especiales para socios, desayunos completos, opciones saludables y platos adaptados a todo tipo de dietas.<\/li>\n<\/ul>\n[\/vc_column_text][vc_empty_space height=&#8221;20px&#8221;][vc_column_text css=&#8221;.vc_custom_1750094769033{padding-right: 25% !important;}&#8221; text_align=&#8221;left&#8221; color=&#8221;#fffced&#8221; font_size=&#8221;18&#8243; font_family=&#8221;Montserrat&#8221; line_height=&#8221;normal&#8221; font_weight=&#8221;500&#8243; letter_spacing=&#8221;-1px&#8221;]\n<ul>\n<li><strong data-start=\"1749\" data-end=\"1768\">Un enfoque 360\u00b0<\/strong><br data-start=\"1768\" data-end=\"1771\" \/>Nuestra implicaci\u00f3n va m\u00e1s all\u00e1 del servicio: dinamizamos la vida social del club con eventos, celebraciones y propuestas tem\u00e1ticas. Apostamos por una imagen cuidada, un ambiente limpio y un equipo cercano.<\/li>\n<\/ul>\n[\/vc_column_text][vc_empty_space height=&#8221;20px&#8221;][vc_column_text css=&#8221;.vc_custom_1750094789646{padding-right: 25% !important;}&#8221; text_align=&#8221;left&#8221; color=&#8221;#fffced&#8221; font_size=&#8221;18&#8243; font_family=&#8221;Montserrat&#8221; line_height=&#8221;normal&#8221; font_weight=&#8221;500&#8243; letter_spacing=&#8221;-1px&#8221;]\n<ul>\n<li><strong data-start=\"1981\" data-end=\"2013\">Una experiencia que fideliza<\/strong><br data-start=\"2013\" data-end=\"2016\" \/>Sabemos que un buen restaurante puede ser uno de los principales motivos para quedarse en el club. Por eso trabajamos para que cada comida refuerce ese v\u00ednculo.<\/li>\n<\/ul>\n[\/vc_column_text][vc_empty_space height=&#8221;20px&#8221;][\/vc_column_inner][\/vc_row_inner][\/vc_column][\/vc_row][vc_row full_width=&#8221;stretch_row_content_no_spaces&#8221; css=&#8221;.vc_custom_1750095103208{padding-top: 5% !important;padding-bottom: 5px !important;background-color: #D5D5D5 !important;}&#8221;][vc_column width=&#8221;1\/4&#8243;][\/vc_column][vc_column width=&#8221;1\/2&#8243;][vc_column_text css=&#8221;&#8221; text_align=&#8221;center&#8221; color=&#8221;#242424&#8243; font_size=&#8221;26&#8243; font_family=&#8221;Poppins&#8221; line_height=&#8221;30px&#8221; font_weight=&#8221;800&#8243; letter_spacing=&#8221;-1px&#8221;]Presencia activa en los principales clubes del Maresme y Barcelona[\/vc_column_text][vc_empty_space height=&#8221;20px&#8221;][vc_separator color=&#8221;custom&#8221; border_width=&#8221;2&#8243; el_width=&#8221;30&#8243; css=&#8221;&#8221; accent_color=&#8221;#312D2C&#8221;][vc_empty_space height=&#8221;20px&#8221;][vc_row_inner][vc_column_inner width=&#8221;1\/6&#8243;][\/vc_column_inner][vc_column_inner width=&#8221;2\/3&#8243; css=&#8221;.vc_custom_1750056759458{padding-right: 5% !important;padding-left: 5% !important;}&#8221;][vc_column_text css=&#8221;.vc_custom_1752702990691{padding-right: 5% !important;padding-left: 5% !important;}&#8221; text_align=&#8221;center&#8221; color=&#8221;#242424&#8243; font_size=&#8221;18&#8243; font_family=&#8221;Montserrat&#8221; line_height=&#8221;normal&#8221; font_weight=&#8221;500&#8243; letter_spacing=&#8221;-1px&#8221;]\n<p data-start=\"687\" data-end=\"941\">Trabajamos en colaboraci\u00f3n con centros deportivos de alto nivel como: Can Teixid\u00f3 Padel Club, Mas Ram Sports, Vallparc o Accura Tei\u00e0.<\/p>\n<p data-start=\"687\" data-end=\"941\">Cada espacio tiene su identidad, pero todos comparten una misma visi\u00f3n: ofrecer lo mejor a sus socios. Y ah\u00ed es donde encajamos.<\/p>\n[\/vc_column_text][vc_empty_space height=&#8221;20px&#8221;]<style>.vcex-button.vcex_69d4eee940ce1{border-radius:var(--wpex-rounded-sm);background:#010101;color:#ffffff!important;font-family:Poppins, sans-serif;}.vcex-button.vcex_69d4eee940ce1:hover{background:#fa3535!important;color:#ffffff!important;}<\/style><div class=\"theme-button-wrap textcenter wpex-clr\"><a href=\"https:\/\/gruppotayano.es\/contactar\/\" class=\"vcex-button theme-button large align-center inline vcex_69d4eee940ce1\"><span class=\"vcex-button-inner theme-button-inner wpex-flex wpex-flex-wrap wpex-items-center wpex-justify-center\">Contacta con nosotros<\/span><\/a><\/div> [\/vc_column_inner][vc_column_inner width=&#8221;1\/6&#8243;][\/vc_column_inner][\/vc_row_inner][\/vc_column][vc_column width=&#8221;1\/4&#8243;][\/vc_column][\/vc_row]\n<\/div>","protected":false},"excerpt":{"rendered":"<p>[vc_row][vc_column offset=&#8221;vc_hidden-lg vc_hidden-md vc_hidden-sm&#8221;][vc_empty_space height=&#8221;150px&#8221;][\/vc_column][\/vc_row][vc_row full_width=&#8221;stretch_row_content&#8221;][vc_column][\/vc_column][\/vc_row][vc_row css=&#8221;.vc_custom_1750056807152{padding-top: 3% !important;}&#8221;][vc_column][vc_row_inner][vc_column_inner width=&#8221;1\/12&#8243;][\/vc_column_inner][vc_column_inner width=&#8221;10\/12&#8243; css=&#8221;.vc_custom_1750056759458{padding-right: 5% !important;padding-left: 5% !important;}&#8221;][vc_column_text css=&#8221;.vc_custom_1752703567995{margin-top: -20px !important;}&#8221; text_align=&#8221;center&#8221; color=&#8221;#242424&#8243; font_size=&#8221;50&#8243; font_family=&#8221;Poppins&#8221; line_height=&#8221;54px&#8221; font_weight=&#8221;800&#8243;]El arte de hacer que todo encaje[\/vc_column_text][vc_empty_space height=&#8221;10px&#8221;][vc_column_text css=&#8221;&#8221; text_align=&#8221;center&#8221; color=&#8221;#242424&#8243; font_size=&#8221;20&#8243; font_family=&#8221;Poppins&#8221; line_height=&#8221;24px&#8221; font_weight=&#8221;700&#8243;]Una manera de entender la restauraci\u00f3n desde dentro[\/vc_column_text][vc_empty_space height=&#8221;20px&#8221;][vc_separator color=&#8221;custom&#8221; border_width=&#8221;2&#8243; el_width=&#8221;30&#8243; css=&#8221;&#8221; accent_color=&#8221;#312D2C&#8221;][vc_empty_space height=&#8221;20px&#8221;][vc_column_text css=&#8221;.vc_custom_1756592657358{padding-right: 5%&hellip;<\/p>\n","protected":false},"author":2,"featured_media":0,"parent":0,"menu_order":0,"comment_status":"closed","ping_status":"closed","template":"","meta":{"footnotes":""},"class_list":["post-378","page","type-page","status-publish","hentry","entry","no-media"],"yoast_head":"<!-- This site is optimized with the Yoast SEO plugin v25.8 - https:\/\/yoast.com\/wordpress\/plugins\/seo\/ -->\n<title>Sobre nosotros - Gruppo Tayano\u00ae<\/title>\n<meta name=\"robots\" content=\"index, follow, max-snippet:-1, max-image-preview:large, max-video-preview:-1\" \/>\n<link rel=\"canonical\" href=\"https:\/\/gruppotayano.es\/ca\/sobre-nosotros\/\" \/>\n<meta property=\"og:locale\" content=\"ca_ES\" \/>\n<meta property=\"og:type\" content=\"article\" \/>\n<meta property=\"og:title\" content=\"Sobre nosotros - Gruppo Tayano\u00ae\" \/>\n<meta property=\"og:description\" content=\"[vc_row][vc_column offset=&#8221;vc_hidden-lg vc_hidden-md vc_hidden-sm&#8221;][vc_empty_space height=&#8221;150px&#8221;][\/vc_column][\/vc_row][vc_row full_width=&#8221;stretch_row_content&#8221;][vc_column][\/vc_column][\/vc_row][vc_row css=&#8221;.vc_custom_1750056807152{padding-top: 3% !important;}&#8221;][vc_column][vc_row_inner][vc_column_inner width=&#8221;1\/12&#8243;][\/vc_column_inner][vc_column_inner width=&#8221;10\/12&#8243; css=&#8221;.vc_custom_1750056759458{padding-right: 5% !important;padding-left: 5% !important;}&#8221;][vc_column_text css=&#8221;.vc_custom_1752703567995{margin-top: -20px !important;}&#8221; text_align=&#8221;center&#8221; color=&#8221;#242424&#8243; font_size=&#8221;50&#8243; font_family=&#8221;Poppins&#8221; line_height=&#8221;54px&#8221; font_weight=&#8221;800&#8243;]El arte de hacer que todo encaje[\/vc_column_text][vc_empty_space height=&#8221;10px&#8221;][vc_column_text css=&#8221;&#8221; text_align=&#8221;center&#8221; color=&#8221;#242424&#8243; font_size=&#8221;20&#8243; font_family=&#8221;Poppins&#8221; line_height=&#8221;24px&#8221; font_weight=&#8221;700&#8243;]Una manera de entender la restauraci\u00f3n desde dentro[\/vc_column_text][vc_empty_space height=&#8221;20px&#8221;][vc_separator color=&#8221;custom&#8221; border_width=&#8221;2&#8243; el_width=&#8221;30&#8243; css=&#8221;&#8221; accent_color=&#8221;#312D2C&#8221;][vc_empty_space height=&#8221;20px&#8221;][vc_column_text css=&#8221;.vc_custom_1756592657358{padding-right: 5%&hellip;\" \/>\n<meta property=\"og:url\" content=\"https:\/\/gruppotayano.es\/ca\/sobre-nosotros\/\" \/>\n<meta property=\"og:site_name\" content=\"Gruppo Tayano\u00ae\" \/>\n<meta property=\"article:modified_time\" content=\"2025-08-30T22:24:23+00:00\" \/>\n<meta name=\"twitter:card\" content=\"summary_large_image\" \/>\n<meta name=\"twitter:label1\" content=\"Temps estimat de lectura\" \/>\n\t<meta name=\"twitter:data1\" content=\"3 minuts\" \/>\n<script type=\"application\/ld+json\" class=\"yoast-schema-graph\">{\"@context\":\"https:\/\/schema.org\",\"@graph\":[{\"@type\":\"WebPage\",\"@id\":\"https:\/\/gruppotayano.es\/ca\/sobre-nosotros\/\",\"url\":\"https:\/\/gruppotayano.es\/ca\/sobre-nosotros\/\",\"name\":\"Sobre nosotros - Gruppo Tayano\u00ae\",\"isPartOf\":{\"@id\":\"https:\/\/gruppotayano.es\/#website\"},\"datePublished\":\"2025-06-16T16:47:23+00:00\",\"dateModified\":\"2025-08-30T22:24:23+00:00\",\"breadcrumb\":{\"@id\":\"https:\/\/gruppotayano.es\/ca\/sobre-nosotros\/#breadcrumb\"},\"inLanguage\":\"ca\",\"potentialAction\":[{\"@type\":\"ReadAction\",\"target\":[\"https:\/\/gruppotayano.es\/ca\/sobre-nosotros\/\"]}]},{\"@type\":\"BreadcrumbList\",\"@id\":\"https:\/\/gruppotayano.es\/ca\/sobre-nosotros\/#breadcrumb\",\"itemListElement\":[{\"@type\":\"ListItem\",\"position\":1,\"name\":\"Home\",\"item\":\"https:\/\/gruppotayano.es\/ca\/home-2\/\"},{\"@type\":\"ListItem\",\"position\":2,\"name\":\"Sobre nosotros\"}]},{\"@type\":\"WebSite\",\"@id\":\"https:\/\/gruppotayano.es\/#website\",\"url\":\"https:\/\/gruppotayano.es\/\",\"name\":\"Gruppo Tayano\u00ae\",\"description\":\"Cetrex new project\",\"publisher\":{\"@id\":\"https:\/\/gruppotayano.es\/#organization\"},\"potentialAction\":[{\"@type\":\"SearchAction\",\"target\":{\"@type\":\"EntryPoint\",\"urlTemplate\":\"https:\/\/gruppotayano.es\/?s={search_term_string}\"},\"query-input\":{\"@type\":\"PropertyValueSpecification\",\"valueRequired\":true,\"valueName\":\"search_term_string\"}}],\"inLanguage\":\"ca\"},{\"@type\":\"Organization\",\"@id\":\"https:\/\/gruppotayano.es\/#organization\",\"name\":\"Gruppo Tayano\u00ae\",\"url\":\"https:\/\/gruppotayano.es\/\",\"logo\":{\"@type\":\"ImageObject\",\"inLanguage\":\"ca\",\"@id\":\"https:\/\/gruppotayano.es\/#\/schema\/logo\/image\/\",\"url\":\"https:\/\/gruppotayano.es\/wp-content\/uploads\/2025\/11\/ImagotipoBK-1-scaled.png\",\"contentUrl\":\"https:\/\/gruppotayano.es\/wp-content\/uploads\/2025\/11\/ImagotipoBK-1-scaled.png\",\"width\":2560,\"height\":2067,\"caption\":\"Gruppo Tayano\u00ae\"},\"image\":{\"@id\":\"https:\/\/gruppotayano.es\/#\/schema\/logo\/image\/\"}}]}<\/script>\n<!-- \/ Yoast SEO plugin. -->","yoast_head_json":{"title":"Sobre nosotros - Gruppo Tayano\u00ae","robots":{"index":"index","follow":"follow","max-snippet":"max-snippet:-1","max-image-preview":"max-image-preview:large","max-video-preview":"max-video-preview:-1"},"canonical":"https:\/\/gruppotayano.es\/ca\/sobre-nosotros\/","og_locale":"ca_ES","og_type":"article","og_title":"Sobre nosotros - Gruppo Tayano\u00ae","og_description":"[vc_row][vc_column offset=&#8221;vc_hidden-lg vc_hidden-md vc_hidden-sm&#8221;][vc_empty_space height=&#8221;150px&#8221;][\/vc_column][\/vc_row][vc_row full_width=&#8221;stretch_row_content&#8221;][vc_column][\/vc_column][\/vc_row][vc_row css=&#8221;.vc_custom_1750056807152{padding-top: 3% !important;}&#8221;][vc_column][vc_row_inner][vc_column_inner width=&#8221;1\/12&#8243;][\/vc_column_inner][vc_column_inner width=&#8221;10\/12&#8243; css=&#8221;.vc_custom_1750056759458{padding-right: 5% !important;padding-left: 5% !important;}&#8221;][vc_column_text css=&#8221;.vc_custom_1752703567995{margin-top: -20px !important;}&#8221; text_align=&#8221;center&#8221; color=&#8221;#242424&#8243; font_size=&#8221;50&#8243; font_family=&#8221;Poppins&#8221; line_height=&#8221;54px&#8221; font_weight=&#8221;800&#8243;]El arte de hacer que todo encaje[\/vc_column_text][vc_empty_space height=&#8221;10px&#8221;][vc_column_text css=&#8221;&#8221; text_align=&#8221;center&#8221; color=&#8221;#242424&#8243; font_size=&#8221;20&#8243; font_family=&#8221;Poppins&#8221; line_height=&#8221;24px&#8221; font_weight=&#8221;700&#8243;]Una manera de entender la restauraci\u00f3n desde dentro[\/vc_column_text][vc_empty_space height=&#8221;20px&#8221;][vc_separator color=&#8221;custom&#8221; border_width=&#8221;2&#8243; el_width=&#8221;30&#8243; css=&#8221;&#8221; accent_color=&#8221;#312D2C&#8221;][vc_empty_space height=&#8221;20px&#8221;][vc_column_text css=&#8221;.vc_custom_1756592657358{padding-right: 5%&hellip;","og_url":"https:\/\/gruppotayano.es\/ca\/sobre-nosotros\/","og_site_name":"Gruppo Tayano\u00ae","article_modified_time":"2025-08-30T22:24:23+00:00","twitter_card":"summary_large_image","twitter_misc":{"Temps estimat de lectura":"3 minuts"},"schema":{"@context":"https:\/\/schema.org","@graph":[{"@type":"WebPage","@id":"https:\/\/gruppotayano.es\/ca\/sobre-nosotros\/","url":"https:\/\/gruppotayano.es\/ca\/sobre-nosotros\/","name":"Sobre nosotros - Gruppo Tayano\u00ae","isPartOf":{"@id":"https:\/\/gruppotayano.es\/#website"},"datePublished":"2025-06-16T16:47:23+00:00","dateModified":"2025-08-30T22:24:23+00:00","breadcrumb":{"@id":"https:\/\/gruppotayano.es\/ca\/sobre-nosotros\/#breadcrumb"},"inLanguage":"ca","potentialAction":[{"@type":"ReadAction","target":["https:\/\/gruppotayano.es\/ca\/sobre-nosotros\/"]}]},{"@type":"BreadcrumbList","@id":"https:\/\/gruppotayano.es\/ca\/sobre-nosotros\/#breadcrumb","itemListElement":[{"@type":"ListItem","position":1,"name":"Home","item":"https:\/\/gruppotayano.es\/ca\/home-2\/"},{"@type":"ListItem","position":2,"name":"Sobre nosotros"}]},{"@type":"WebSite","@id":"https:\/\/gruppotayano.es\/#website","url":"https:\/\/gruppotayano.es\/","name":"Gruppo Tayano\u00ae","description":"Cetrex new project","publisher":{"@id":"https:\/\/gruppotayano.es\/#organization"},"potentialAction":[{"@type":"SearchAction","target":{"@type":"EntryPoint","urlTemplate":"https:\/\/gruppotayano.es\/?s={search_term_string}"},"query-input":{"@type":"PropertyValueSpecification","valueRequired":true,"valueName":"search_term_string"}}],"inLanguage":"ca"},{"@type":"Organization","@id":"https:\/\/gruppotayano.es\/#organization","name":"Gruppo Tayano\u00ae","url":"https:\/\/gruppotayano.es\/","logo":{"@type":"ImageObject","inLanguage":"ca","@id":"https:\/\/gruppotayano.es\/#\/schema\/logo\/image\/","url":"https:\/\/gruppotayano.es\/wp-content\/uploads\/2025\/11\/ImagotipoBK-1-scaled.png","contentUrl":"https:\/\/gruppotayano.es\/wp-content\/uploads\/2025\/11\/ImagotipoBK-1-scaled.png","width":2560,"height":2067,"caption":"Gruppo Tayano\u00ae"},"image":{"@id":"https:\/\/gruppotayano.es\/#\/schema\/logo\/image\/"}}]}},"_links":{"self":[{"href":"https:\/\/gruppotayano.es\/ca\/wp-json\/wp\/v2\/pages\/378","targetHints":{"allow":["GET"]}}],"collection":[{"href":"https:\/\/gruppotayano.es\/ca\/wp-json\/wp\/v2\/pages"}],"about":[{"href":"https:\/\/gruppotayano.es\/ca\/wp-json\/wp\/v2\/types\/page"}],"author":[{"embeddable":true,"href":"https:\/\/gruppotayano.es\/ca\/wp-json\/wp\/v2\/users\/2"}],"replies":[{"embeddable":true,"href":"https:\/\/gruppotayano.es\/ca\/wp-json\/wp\/v2\/comments?post=378"}],"version-history":[{"count":12,"href":"https:\/\/gruppotayano.es\/ca\/wp-json\/wp\/v2\/pages\/378\/revisions"}],"predecessor-version":[{"id":969,"href":"https:\/\/gruppotayano.es\/ca\/wp-json\/wp\/v2\/pages\/378\/revisions\/969"}],"wp:attachment":[{"href":"https:\/\/gruppotayano.es\/ca\/wp-json\/wp\/v2\/media?parent=378"}],"curies":[{"name":"wp","href":"https:\/\/api.w.org\/{rel}","templated":true}]}}